{"id":37,"date":"2018-08-05T12:32:05","date_gmt":"2018-08-05T17:32:05","guid":{"rendered":"http:\/\/eco-regalos.com\/movilpe\/?post_type=product&#038;p=37"},"modified":"2024-05-15T16:05:38","modified_gmt":"2024-05-15T21:05:38","slug":"213","status":"publish","type":"product","link":"https:\/\/eco-regalos.com\/movilpe\/producto\/213\/","title":{"rendered":"Kit de siembra en Caja de regalo Maceta compostable<br><font size=\"2\"> Cantidad min\u00edma: 500 Unidades <\/font>"},"content":{"rendered":"<p><span style=\"color: #808080;\">Solicita la plantilla de dise\u00f1o para elaborar el arte con tu marca, dise\u00f1o o evento.<\/span><\/p>\n<p><em><span style=\"color: #808080;\">Consultar disponibilidad.<\/span><\/em><\/p>\n<p>&nbsp;<\/p>\n","protected":false},"excerpt":{"rendered":"<p><span style=\"color: #808080;\"><span style=\"color: #808080;\">Este lindo kit<\/span><strong style=\"color: #808080;\"> para geminar un bonsai , flores o\u00a0<\/strong><span style=\"color: #808080;\"><b>arom\u00e1ticas<\/b>\u00a0es muy sencillo. Solo agregas agua al eco germinador y sustrato dentro de la maceta ecol\u00f3gica de coco y esperas unos d\u00edas a que germinen tus plantitas!<\/span><\/span><\/p>\n<p><strong><span style=\"color: #33cccc;\">Viene en una hermosa y creativa caja de regalo personalizada full color con tu dise\u00f1o.<\/span><\/strong><\/p>\n<p><strong><span style=\"color: #808080;\">Un regalo para toda la vida!!!<\/span><\/strong><\/p>\n<p><strong><span style=\"color: #33cccc;\">El kit contiene:<\/span><\/strong><\/p>\n<p><span style=\"color: #808080;\">&#8211; Una caja de regalo personalizada.\u00a0<\/span><\/p>\n<p><span style=\"color: #808080;\">&#8211; Una maceta ecol\u00f3gica de fibra natural de coco.<\/span><\/p>\n<p><span style=\"color: #808080;\">&#8211; Cinta o list\u00f3n de color a elecci\u00f3n o cord\u00f3n natural en yute.<\/span><\/p>\n<p><span style=\"color: #808080;\">&#8211; Una bandeja de riego.<\/span><\/p>\n<p><span style=\"color: #808080;\">&#8211; Un eco germinador con semillas de \u00e1rbol o flores lista para germinar.\u00a0<\/span><\/p>\n<p><span style=\"color: #33cccc;\"><strong>Personalizaci\u00f3n incluida:\u00a0<\/strong><\/span><\/p>\n<p><span style=\"color: #808080;\">Tu dise\u00f1o, marca o mensaje\u00a0<strong>full color<\/strong>\u00a0en la caja de regalo.<\/span><\/p>\n<p><span style=\"color: #33cccc;\"><strong>Tama\u00f1o caja de regalo:<\/strong><\/span><\/p>\n<p><span style=\"color: #808080;\"><strong>Cerrada:<\/strong>\u00a09 cm de altura x 10.5 de ancho\u00a0<\/span><\/p>\n<p><span style=\"color: #808080;\"><strong>Abierta:\u00a0<\/strong>18 cm de altura por 10.5 de ancho<\/span><\/p>\n<p><span style=\"color: #33cccc;\"><strong>Tama\u00f1o maceta ecol\u00f3gica:<\/strong><\/span><\/p>\n<p><span style=\"color: #808080;\"><strong>Di\u00e1metro superior:<\/strong><\/span>\u00a0<span style=\"color: #999999;\">9.0 cm<\/span><\/p>\n<p><span style=\"color: #808080;\"><strong>Di\u00e1metro inferior:<\/strong><\/span>\u00a0<span style=\"color: #999999;\">6.0 cm<\/span><\/p>\n<p><span style=\"color: #808080;\"><strong>Alto:<\/strong>\u00a0<\/span><span style=\"color: #999999;\">7.0 cm<\/span><\/p>\n<p><strong><span style=\"color: #33cccc;\">Personalizaci\u00f3n adicional:<\/span> <\/strong><\/p>\n<p><span style=\"color: #808080;\">Grabado sobre la maceta de coco ecol\u00f3gica\u00a0<\/span><\/p>\n","protected":false},"featured_media":2206,"comment_status":"closed","ping_status":"closed","template":"","meta":[],"product_brand":[],"product_cat":[150,9,548,151,126],"product_tag":[278,174,265,275,282,288,167,262,263,289,173,164,274,161,299,306,166,175,295,313,314,297,296,209,310,311,312,309,234,233,300,160,171,301,200,290,165,267,162,277,291,286,285,261,284,260,307,269,305,304,298,280,168,303,302,169,281,294,308,293,292,270,273,272,283,172,279,259,287,276,271],"class_list":{"0":"post-37","1":"product","2":"type-product","3":"status-publish","4":"has-post-thumbnail","6":"product_cat-productos-ecologicos-eventos","7":"product_cat-promocionales-ecologicos","8":"product_cat-kits_siembre_eco","9":"product_cat-macetas-ecologicas","10":"product_cat-regalos-navidad","11":"product_tag-biodegradable","12":"product_tag-bonsai","13":"product_tag-degradables","14":"product_tag-eco-tarjetas-plantables","15":"product_tag-eco-papel","16":"product_tag-eco-regalos","17":"product_tag-ecologico","18":"product_tag-ecologicos","19":"product_tag-ecologicos-peru","20":"product_tag-ecoregalos","21":"product_tag-empaques","22":"product_tag-tags","23":"product_tag-etiquetas-ecologicas","24":"product_tag-flores","25":"product_tag-flores-regalo","26":"product_tag-flores-y-maceta","27":"product_tag-germinables","28":"product_tag-huertas-y-aromaticas","29":"product_tag-kit-de-siembra","30":"product_tag-kit-huerta","31":"product_tag-kit-huertos","32":"product_tag-kits-eco","33":"product_tag-kits-ecologicos","34":"product_tag-lapicero-ecologico","35":"product_tag-lapicero-con-semilla","36":"product_tag-lapicero-plantable","37":"product_tag-lapicero-semilla","38":"product_tag-lapiz-con-semilla","39":"product_tag-lapiz-plantable","40":"product_tag-lapiz-semilla","41":"product_tag-maceta-ecologica","42":"product_tag-macetas","43":"product_tag-macetero","44":"product_tag-maceteros-ecologicos","45":"product_tag-merch","46":"product_tag-merch-ecologico","47":"product_tag-merchandising","48":"product_tag-merchandising-ecologico","49":"product_tag-huertos","50":"product_tag-papel-con-semillas","51":"product_tag-papel-con-semillas-imprimir","52":"product_tag-papel-eco","53":"product_tag-papel-ecologico","54":"product_tag-papel-plantable","55":"product_tag-papel-sembrable","56":"product_tag-papel-semilla","57":"product_tag-papel-y-semilla","58":"product_tag-personalizados","59":"product_tag-planta-con-mensaje","60":"product_tag-planta-magica","61":"product_tag-plantas","62":"product_tag-productos-ecologicos","63":"product_tag-promocionales","64":"product_tag-regalar-plantas","65":"product_tag-regalar-semillas","66":"product_tag-regalos","67":"product_tag-regalos-corporativos","68":"product_tag-regalos-empresas","69":"product_tag-regalos-germinables","70":"product_tag-regalos-novedosos","71":"product_tag-regalos-originales","72":"product_tag-regalos-personalizados","73":"product_tag-regalos-sustentables","74":"product_tag-semillas","75":"product_tag-siembra-papel","76":"product_tag-suculetas","77":"product_tag-sustentables","78":"product_tag-tarjetas-ecologicas","79":"product_tag-tarjetas-personalizadas","80":"product_tag-tarjetas-sembrables","81":"product_tag-tarjetas-semilla","83":"first","84":"onbackorder","85":"featured","86":"taxable","87":"shipping-taxable","88":"purchasable","89":"product-type-simple"},"_links":{"self":[{"href":"https:\/\/eco-regalos.com\/movilpe\/wp-json\/wp\/v2\/product\/37","targetHints":{"allow":["GET"]}}],"collection":[{"href":"https:\/\/eco-regalos.com\/movilpe\/wp-json\/wp\/v2\/product"}],"about":[{"href":"https:\/\/eco-regalos.com\/movilpe\/wp-json\/wp\/v2\/types\/product"}],"replies":[{"embeddable":true,"href":"https:\/\/eco-regalos.com\/movilpe\/wp-json\/wp\/v2\/comments?post=37"}],"wp:featuredmedia":[{"embeddable":true,"href":"https:\/\/eco-regalos.com\/movilpe\/wp-json\/wp\/v2\/media\/2206"}],"wp:attachment":[{"href":"https:\/\/eco-regalos.com\/movilpe\/wp-json\/wp\/v2\/media?parent=37"}],"wp:term":[{"taxonomy":"product_brand","embeddable":true,"href":"https:\/\/eco-regalos.com\/movilpe\/wp-json\/wp\/v2\/product_brand?post=37"},{"taxonomy":"product_cat","embeddable":true,"href":"https:\/\/eco-regalos.com\/movilpe\/wp-json\/wp\/v2\/product_cat?post=37"},{"taxonomy":"product_tag","embeddable":true,"href":"https:\/\/eco-regalos.com\/movilpe\/wp-json\/wp\/v2\/product_tag?post=37"}],"curies":[{"name":"wp","href":"https:\/\/api.w.org\/{rel}","templated":true}]}}