{"id":377,"date":"2018-08-07T12:26:27","date_gmt":"2018-08-07T17:26:27","guid":{"rendered":"http:\/\/eco-regalos.com\/movilpe\/?post_type=product&#038;p=377"},"modified":"2024-07-30T15:45:53","modified_gmt":"2024-07-30T20:45:53","slug":"237","status":"publish","type":"product","link":"https:\/\/eco-regalos.com\/movilpe\/producto\/237\/","title":{"rendered":"Semillas Publicitarias <br><font size=\"2\"> Cantidad min\u00edma: 1000 Unidades <\/font>"},"content":{"rendered":"<h5><strong><span style=\"color: #808080;\">Solicita la plantilla de dise\u00f1o para elaborar el arte con tu marca o dise\u00f1o.<\/span><\/strong><\/h5>\n<h5><a href=\"https:\/\/eco-regalos.com\/movilpe_old_old\/wp-content\/uploads\/2021\/02\/Especificaciones-y-recomendaciones-papel-plantable-01.jpg\" target=\"_blank\" rel=\"noopener\"><span style=\"color: #0000ff;\">Ver especificaciones t\u00e9cnicas y recomendaciones de dise\u00f1o dando click aqu\u00ed.<\/span><\/a><\/h5>\n<h5><em><span style=\"color: #808080;\">Este producto es elaborado con papel semilla (Capacidad germinativa: 70<\/span><\/em><span style=\"color: #808080;\">%<\/span><em><span style=\"color: #808080;\"> a 90<\/span><\/em><span style=\"color: #808080;\">%<\/span><em><span style=\"color: #808080;\"> )<\/span><\/em><em><span style=\"color: #808080;\"> Impreso con tintas ecol\u00f3gicas\u00a0a base de soya.<\/span><\/em><\/h5>\n<p><!--more--><\/p>\n<p><span style=\"color: #808080;\"><strong>No comercializamos semillas expuestas!<\/strong>\u00a0Las semillas expuestas o empacadas en bolsa reducen su germinaci\u00f3n hasta en un 90% y adem\u00e1s contienen fungicidas lo que no es recomendable en un promocional que va a ser manipulado por cualquier tipo de usuario, adulto o ni\u00f1o.<\/span><\/p>\n<p><span style=\"color: #808080;\">Por esta raz\u00f3n desarrollamos las semillas publicitarias o logos plantable, para que tus campa\u00f1as tengan m\u00e1s alcance publicitario, m\u00e1s \u00e9xito y much\u00edsima recordaci\u00f3n.<\/span><\/p>\n<p>&nbsp;<\/p>\n<p>&nbsp;<\/p>\n","protected":false},"excerpt":{"rendered":"<p style=\"text-align: left;\"><span style=\"color: #808080;\">Logos elaborados en papel plantable<\/span><span style=\"color: #808080;\">, <strong>para sembrar y germinar lindas plantas.\u00a0<\/strong><\/span><\/p>\n<p><span style=\"color: #008080;\"><strong> \u00a0Siembras el logo y germina un arbolito, hortaliza o flor.<\/strong><\/span><\/p>\n<p><span style=\"color: #808080;\"><strong>Las semillas son siempre un buen regalo y mandan un mensaje muy positivo de la empresa que obsequia, por esta raz\u00f3n son muy usadas en campa\u00f1as y como recordatorio.\u00a0 Adem\u00e1s porque la planta es una recordaci\u00f3n directa y duradera.<\/strong><\/span><\/p>\n<p><span style=\"color: #008080;\"><strong>Impresi\u00f3n incluida:\u00a0\u00a0<\/strong><\/span><span style=\"color: #808080;\">Tu marca o dise\u00f1o\u00a0<strong>Full color.<\/strong>\u00a0<em>(a partir de 5000 unidades)<\/em><\/span><\/p>\n<h6><span style=\"color: #008080;\"><strong><i>Env\u00edanos<\/i><em>\u00a0tu dise\u00f1o, recuerda reservar un espacio para las instrucciones de siembra.<\/em><\/strong><\/span><\/h6>\n<p><!--more--><\/p>\n<p><span style=\"color: #008080;\"><strong>Semillas disponibles:\u00a0\u00a0<\/strong><\/span><span style=\"color: #0000ff;\"><a style=\"color: #0000ff;\" href=\"https:\/\/eco-regalos.com\/movilpe_old_old\/semillas-de-temporada\/\" target=\"_blank\" rel=\"noopener\">Ver lista de especies de temporada<\/a><\/span><\/p>\n","protected":false},"featured_media":1032,"comment_status":"open","ping_status":"closed","template":"","meta":[],"product_brand":[],"product_cat":[150,9,11],"product_tag":[278,265,275,282,288,262,263,289,164,274,200,290,165,267,277,291,286,285,261,284,260,269,280,281,294,293,292,270,273,272,283,279,259,287,276,271],"class_list":{"0":"post-377","1":"product","2":"type-product","3":"status-publish","4":"has-post-thumbnail","6":"product_cat-productos-ecologicos-eventos","7":"product_cat-promocionales-ecologicos","8":"product_cat-tarjetas-ecologicas-plantable","9":"product_tag-biodegradable","10":"product_tag-degradables","11":"product_tag-eco-tarjetas-plantables","12":"product_tag-eco-papel","13":"product_tag-eco-regalos","14":"product_tag-ecologicos","15":"product_tag-ecologicos-peru","16":"product_tag-ecoregalos","17":"product_tag-tags","18":"product_tag-etiquetas-ecologicas","19":"product_tag-merch","20":"product_tag-merch-ecologico","21":"product_tag-merchandising","22":"product_tag-merchandising-ecologico","23":"product_tag-papel-con-semillas","24":"product_tag-papel-con-semillas-imprimir","25":"product_tag-papel-eco","26":"product_tag-papel-ecologico","27":"product_tag-papel-plantable","28":"product_tag-papel-sembrable","29":"product_tag-papel-semilla","30":"product_tag-personalizados","31":"product_tag-productos-ecologicos","32":"product_tag-regalos-corporativos","33":"product_tag-regalos-empresas","34":"product_tag-regalos-novedosos","35":"product_tag-regalos-originales","36":"product_tag-regalos-personalizados","37":"product_tag-regalos-sustentables","38":"product_tag-semillas","39":"product_tag-siembra-papel","40":"product_tag-sustentables","41":"product_tag-tarjetas-ecologicas","42":"product_tag-tarjetas-personalizadas","43":"product_tag-tarjetas-sembrables","44":"product_tag-tarjetas-semilla","46":"first","47":"instock","48":"featured","49":"taxable","50":"shipping-taxable","51":"purchasable","52":"product-type-simple"},"_links":{"self":[{"href":"https:\/\/eco-regalos.com\/movilpe\/wp-json\/wp\/v2\/product\/377","targetHints":{"allow":["GET"]}}],"collection":[{"href":"https:\/\/eco-regalos.com\/movilpe\/wp-json\/wp\/v2\/product"}],"about":[{"href":"https:\/\/eco-regalos.com\/movilpe\/wp-json\/wp\/v2\/types\/product"}],"replies":[{"embeddable":true,"href":"https:\/\/eco-regalos.com\/movilpe\/wp-json\/wp\/v2\/comments?post=377"}],"wp:featuredmedia":[{"embeddable":true,"href":"https:\/\/eco-regalos.com\/movilpe\/wp-json\/wp\/v2\/media\/1032"}],"wp:attachment":[{"href":"https:\/\/eco-regalos.com\/movilpe\/wp-json\/wp\/v2\/media?parent=377"}],"wp:term":[{"taxonomy":"product_brand","embeddable":true,"href":"https:\/\/eco-regalos.com\/movilpe\/wp-json\/wp\/v2\/product_brand?post=377"},{"taxonomy":"product_cat","embeddable":true,"href":"https:\/\/eco-regalos.com\/movilpe\/wp-json\/wp\/v2\/product_cat?post=377"},{"taxonomy":"product_tag","embeddable":true,"href":"https:\/\/eco-regalos.com\/movilpe\/wp-json\/wp\/v2\/product_tag?post=377"}],"curies":[{"name":"wp","href":"https:\/\/api.w.org\/{rel}","templated":true}]}}