{"id":388,"date":"2018-08-07T12:33:50","date_gmt":"2018-08-07T17:33:50","guid":{"rendered":"http:\/\/eco-regalos.com\/movilpe\/?post_type=product&#038;p=388"},"modified":"2023-09-12T20:50:56","modified_gmt":"2023-09-13T01:50:56","slug":"322","status":"publish","type":"product","link":"https:\/\/eco-regalos.com\/movilpe\/producto\/322\/","title":{"rendered":"Planta con LOGO al nacer<br><font size=\"2\"> Cantidad min\u00edma: 1000 Unidades <\/font>"},"content":{"rendered":"<p style=\"text-align: left;\"><span style=\"color: #808080;\">Solicita la plantilla de dise\u00f1o para elaborar el arte con tu marca, dise\u00f1o o evento.<\/span><\/p>\n<p style=\"text-align: left;\"><span style=\"color: #808080;\"><em>Consultar disponibilidad.<\/em><\/span><!--more--><\/p>\n<p><span style=\"color: #808080;\"><strong>La eco lata se entrega totalmente sellada, esto garantiza la conservaci\u00f3n y germinaci\u00f3n de la semilla.<\/strong><\/span><\/p>\n<p>&nbsp;<\/p>\n<p>&nbsp;<\/p>\n","protected":false},"excerpt":{"rendered":"<p><span style=\"color: #808080;\">[xyz-ips snippet=\"solicitarcotizacion\"]<\/span><\/p>\n<p><span style=\"color: #808080;\">Esta novedosa planta natural<strong> nace con tu logo o mensaje en\u00a0 el primer reto\u00f1o!<\/strong><\/span><\/p>\n<p><span style=\"color: #808080;\">El mensaje\u00a0 puede ser una palabra asociada a una campa\u00f1a o valor corporativo o un logo. \u00a0Esta planta genera mucha curiosidad durante el proceso de germinaci\u00f3n y crecimiento.<\/span><\/p>\n<p><span style=\"color: #808080;\"><span style=\"color: #808080;\">Solo debemos abrir el\u00a0 macetero degradable\u00a0 personalizado, agregar agua y en unos d\u00edas <\/span><b style=\"color: #808080;\">nace la plantita con tu logo en el primer reto\u00f1o<\/b>, adem\u00e1s tu dise\u00f1o o marca permanecer\u00e1 en la maceta <span style=\"color: #808080;\">ecol\u00f3gica\u00a0 siempre \u00a0presente<\/span>.<\/span><\/p>\n<p><strong><span style=\"color: #33cccc;\">Es una planta que ofrece como principal ventaja publicitaria la recordaci\u00f3n y la expectativa por el mensaje. La curiosidad que genera hace que se exponga y se ubique en un lugar visible para otros con tu marca presente. <\/span><\/strong><\/p>\n<p><span style=\"color: #808080;\">El proceso de germinaci\u00f3n de la planta genera expectativa, ideal para campa\u00f1as que buscan fomentar valores corporativos, de servicio y de posicionamiento de marca.<\/span><\/p>\n<p><span style=\"color: #008080;\"><strong>Personalizaci\u00f3n Incluida:<\/strong><\/span><\/p>\n<p><span style=\"color: #808080;\">&#8211; TU LOGO O MENSAJE <strong>en el primer reto\u00f1o<\/strong><\/span><\/p>\n<p><span style=\"color: #808080;\">&#8211; Tu dise\u00f1o, marca o imagen <strong>full color<\/strong> en la etiqueta ecol\u00f3gica alrededor del macetero (Ecolata)<\/span><\/p>\n<p><span style=\"color: #808080;\"><em><strong style=\"color: #808080;\">La eco lata e<\/strong><b style=\"color: #808080;\">s 100% <\/b><span style=\"color: #808080;\"><b>ecol\u00f3gica<\/b><\/span><b style=\"color: #808080;\">\u00a0y degradable.<\/b><\/em><\/span><\/p>\n<p><span style=\"color: #808080;\"><em>Podemos incluir el CALENDARIO 2021 EN LA ETIQUETA CON SU LOGO<\/em><\/span><\/p>\n<p><span style=\"color: #808080;\"><span style=\"color: #33cccc;\"><strong><span style=\"color: #008080;\">Tama\u00f1o:<\/span>\u00a0<\/strong><\/span>6.2 cm x 6.2 cm\u00a0<\/span><\/p>\n","protected":false},"featured_media":389,"comment_status":"open","ping_status":"closed","template":"","meta":[],"product_brand":[],"product_cat":[127,128,9,548,151,126],"product_tag":[278,265,275,282,288,262,263,289,164,274,299,306,166,295,297,296,209,310,311,312,309,234,233,300,160,171,301,200,290,165,267,162,277,291,286,285,261,284,260,307,269,305,304,298,280,168,303,302,169,281,294,308,293,292,270,273,272,283,279,259,287,276,271],"class_list":{"0":"post-388","1":"product","2":"type-product","3":"status-publish","4":"has-post-thumbnail","6":"product_cat-ecologicos-oficina","7":"product_cat-calendarios","8":"product_cat-promocionales-ecologicos","9":"product_cat-kits_siembre_eco","10":"product_cat-macetas-ecologicas","11":"product_cat-regalos-navidad","12":"product_tag-biodegradable","13":"product_tag-degradables","14":"product_tag-eco-tarjetas-plantables","15":"product_tag-eco-papel","16":"product_tag-eco-regalos","17":"product_tag-ecologicos","18":"product_tag-ecologicos-peru","19":"product_tag-ecoregalos","20":"product_tag-tags","21":"product_tag-etiquetas-ecologicas","22":"product_tag-flores-regalo","23":"product_tag-flores-y-maceta","24":"product_tag-germinables","25":"product_tag-kit-de-siembra","26":"product_tag-kits-eco","27":"product_tag-kits-ecologicos","28":"product_tag-lapicero-ecologico","29":"product_tag-lapicero-con-semilla","30":"product_tag-lapicero-plantable","31":"product_tag-lapicero-semilla","32":"product_tag-lapiz-con-semilla","33":"product_tag-lapiz-plantable","34":"product_tag-lapiz-semilla","35":"product_tag-maceta-ecologica","36":"product_tag-macetas","37":"product_tag-macetero","38":"product_tag-maceteros-ecologicos","39":"product_tag-merch","40":"product_tag-merch-ecologico","41":"product_tag-merchandising","42":"product_tag-merchandising-ecologico","43":"product_tag-huertos","44":"product_tag-papel-con-semillas","45":"product_tag-papel-con-semillas-imprimir","46":"product_tag-papel-eco","47":"product_tag-papel-ecologico","48":"product_tag-papel-plantable","49":"product_tag-papel-sembrable","50":"product_tag-papel-semilla","51":"product_tag-papel-y-semilla","52":"product_tag-personalizados","53":"product_tag-planta-con-mensaje","54":"product_tag-planta-magica","55":"product_tag-plantas","56":"product_tag-productos-ecologicos","57":"product_tag-promocionales","58":"product_tag-regalar-plantas","59":"product_tag-regalar-semillas","60":"product_tag-regalos","61":"product_tag-regalos-corporativos","62":"product_tag-regalos-empresas","63":"product_tag-regalos-germinables","64":"product_tag-regalos-novedosos","65":"product_tag-regalos-originales","66":"product_tag-regalos-personalizados","67":"product_tag-regalos-sustentables","68":"product_tag-semillas","69":"product_tag-siembra-papel","70":"product_tag-sustentables","71":"product_tag-tarjetas-ecologicas","72":"product_tag-tarjetas-personalizadas","73":"product_tag-tarjetas-sembrables","74":"product_tag-tarjetas-semilla","76":"first","77":"instock","78":"taxable","79":"shipping-taxable","80":"purchasable","81":"product-type-simple"},"_links":{"self":[{"href":"https:\/\/eco-regalos.com\/movilpe\/wp-json\/wp\/v2\/product\/388","targetHints":{"allow":["GET"]}}],"collection":[{"href":"https:\/\/eco-regalos.com\/movilpe\/wp-json\/wp\/v2\/product"}],"about":[{"href":"https:\/\/eco-regalos.com\/movilpe\/wp-json\/wp\/v2\/types\/product"}],"replies":[{"embeddable":true,"href":"https:\/\/eco-regalos.com\/movilpe\/wp-json\/wp\/v2\/comments?post=388"}],"wp:featuredmedia":[{"embeddable":true,"href":"https:\/\/eco-regalos.com\/movilpe\/wp-json\/wp\/v2\/media\/389"}],"wp:attachment":[{"href":"https:\/\/eco-regalos.com\/movilpe\/wp-json\/wp\/v2\/media?parent=388"}],"wp:term":[{"taxonomy":"product_brand","embeddable":true,"href":"https:\/\/eco-regalos.com\/movilpe\/wp-json\/wp\/v2\/product_brand?post=388"},{"taxonomy":"product_cat","embeddable":true,"href":"https:\/\/eco-regalos.com\/movilpe\/wp-json\/wp\/v2\/product_cat?post=388"},{"taxonomy":"product_tag","embeddable":true,"href":"https:\/\/eco-regalos.com\/movilpe\/wp-json\/wp\/v2\/product_tag?post=388"}],"curies":[{"name":"wp","href":"https:\/\/api.w.org\/{rel}","templated":true}]}}