{"id":60,"date":"2018-08-05T12:32:05","date_gmt":"2018-08-05T17:32:05","guid":{"rendered":"http:\/\/eco-regalos.com\/movilpe\/?post_type=product&#038;p=60"},"modified":"2024-07-09T14:05:52","modified_gmt":"2024-07-09T19:05:52","slug":"288","status":"publish","type":"product","link":"https:\/\/eco-regalos.com\/movilpe\/producto\/288\/","title":{"rendered":"Bons\u00e1i o flor en Cajita Regalo <br><font size=\"2\"> Cantidad min\u00edma: 500 Unidades <\/font>"},"content":{"rendered":"<p><em><strong>Consulte disponibilidad o stock<\/strong><\/em><\/p>\n<p><span style=\"color: #808080;\">Solicita la plantilla de dise\u00f1o para elaborar el arte con tu marca, dise\u00f1o o evento.<\/span><\/p>\n<p><strong><span style=\"color: #808080;\">Cajita elaborada en material impermeabilizado.<\/span><\/strong><\/p>\n<p>&nbsp;<\/p>\n<p>&nbsp;<\/p>\n","protected":false},"excerpt":{"rendered":"<p style=\"font-weight: 400;\"><span style=\"color: #808080;\">Flores o un bons\u00e1i que germinan, <strong>crecen y se conservan en una cajita de regalo<\/strong> personalizada con tu dise\u00f1o.<\/span><\/p>\n<p style=\"font-weight: 400;\"><span style=\"color: #008080;\"><strong>La cajita de regalo se convierte en macetita.\u00a0La tapa personalizada con tu dise\u00f1o se\u00a0convierte en la base de la macetita. Estando presente y visible por largo tiempo tu mensaje o marca!<\/strong><\/span><\/p>\n<p style=\"font-weight: 400;\"><span style=\"color: #808080;\"><strong>Contiene un eco germinador o c\u00e1psula con semillas de \u00e1rbol o flores pre plantadas y una bolsita con sustrato de abono para que solo lo agregues junto con agua y germine tu \u00e1rbolito o tu linda flor!<\/strong><\/span><\/p>\n<p><em><span style=\"color: #808080;\">Es un regalo para toda la vida!<\/span><\/em><\/p>\n<p><span style=\"color: #008080;\"><strong>Personalizaci\u00f3n incluida:<\/strong><\/span><\/p>\n<p><span style=\"color: #808080;\">Tapa \/ Base de la cajita<strong> a color<\/strong>\u00a0con tu dise\u00f1o, marca o logo<\/span><\/p>\n<p><span style=\"color: #808080;\"><strong><span style=\"color: #008080;\">Incluye:<\/span>\u00a0<\/strong>Cord\u00f3n natural en yute o cinta de regalo.<\/span><\/p>\n<p><span style=\"color: #808080;\"><span style=\"color: #33cccc;\"><strong><span style=\"color: #008080;\">Tama\u00f1o Cajita cerrada:<\/span>\u00a0\u00a0<\/strong><\/span>5 x 5\u00a0\u00a0cm x 5.2\u00a0 cm\u00a0<\/span><\/p>\n","protected":false},"featured_media":281,"comment_status":"open","ping_status":"closed","template":"","meta":[],"product_brand":[],"product_cat":[150,9,548,151,126],"product_tag":[278,174,265,275,282,288,262,263,289,164,274,161,299,306,166,175,295,313,314,297,296,209,310,311,312,309,234,233,300,160,171,301,200,290,165,267,162,277,291,286,285,261,284,260,307,269,305,304,298,280,168,303,302,169,281,294,308,293,292,270,273,272,283,279,259,287,276,271],"class_list":{"0":"post-60","1":"product","2":"type-product","3":"status-publish","4":"has-post-thumbnail","6":"product_cat-productos-ecologicos-eventos","7":"product_cat-promocionales-ecologicos","8":"product_cat-kits_siembre_eco","9":"product_cat-macetas-ecologicas","10":"product_cat-regalos-navidad","11":"product_tag-biodegradable","12":"product_tag-bonsai","13":"product_tag-degradables","14":"product_tag-eco-tarjetas-plantables","15":"product_tag-eco-papel","16":"product_tag-eco-regalos","17":"product_tag-ecologicos","18":"product_tag-ecologicos-peru","19":"product_tag-ecoregalos","20":"product_tag-tags","21":"product_tag-etiquetas-ecologicas","22":"product_tag-flores","23":"product_tag-flores-regalo","24":"product_tag-flores-y-maceta","25":"product_tag-germinables","26":"product_tag-huertas-y-aromaticas","27":"product_tag-kit-de-siembra","28":"product_tag-kit-huerta","29":"product_tag-kit-huertos","30":"product_tag-kits-eco","31":"product_tag-kits-ecologicos","32":"product_tag-lapicero-ecologico","33":"product_tag-lapicero-con-semilla","34":"product_tag-lapicero-plantable","35":"product_tag-lapicero-semilla","36":"product_tag-lapiz-con-semilla","37":"product_tag-lapiz-plantable","38":"product_tag-lapiz-semilla","39":"product_tag-maceta-ecologica","40":"product_tag-macetas","41":"product_tag-macetero","42":"product_tag-maceteros-ecologicos","43":"product_tag-merch","44":"product_tag-merch-ecologico","45":"product_tag-merchandising","46":"product_tag-merchandising-ecologico","47":"product_tag-huertos","48":"product_tag-papel-con-semillas","49":"product_tag-papel-con-semillas-imprimir","50":"product_tag-papel-eco","51":"product_tag-papel-ecologico","52":"product_tag-papel-plantable","53":"product_tag-papel-sembrable","54":"product_tag-papel-semilla","55":"product_tag-papel-y-semilla","56":"product_tag-personalizados","57":"product_tag-planta-con-mensaje","58":"product_tag-planta-magica","59":"product_tag-plantas","60":"product_tag-productos-ecologicos","61":"product_tag-promocionales","62":"product_tag-regalar-plantas","63":"product_tag-regalar-semillas","64":"product_tag-regalos","65":"product_tag-regalos-corporativos","66":"product_tag-regalos-empresas","67":"product_tag-regalos-germinables","68":"product_tag-regalos-novedosos","69":"product_tag-regalos-originales","70":"product_tag-regalos-personalizados","71":"product_tag-regalos-sustentables","72":"product_tag-semillas","73":"product_tag-siembra-papel","74":"product_tag-sustentables","75":"product_tag-tarjetas-ecologicas","76":"product_tag-tarjetas-personalizadas","77":"product_tag-tarjetas-sembrables","78":"product_tag-tarjetas-semilla","80":"first","81":"instock","82":"taxable","83":"shipping-taxable","84":"purchasable","85":"product-type-simple"},"_links":{"self":[{"href":"https:\/\/eco-regalos.com\/movilpe\/wp-json\/wp\/v2\/product\/60","targetHints":{"allow":["GET"]}}],"collection":[{"href":"https:\/\/eco-regalos.com\/movilpe\/wp-json\/wp\/v2\/product"}],"about":[{"href":"https:\/\/eco-regalos.com\/movilpe\/wp-json\/wp\/v2\/types\/product"}],"replies":[{"embeddable":true,"href":"https:\/\/eco-regalos.com\/movilpe\/wp-json\/wp\/v2\/comments?post=60"}],"wp:featuredmedia":[{"embeddable":true,"href":"https:\/\/eco-regalos.com\/movilpe\/wp-json\/wp\/v2\/media\/281"}],"wp:attachment":[{"href":"https:\/\/eco-regalos.com\/movilpe\/wp-json\/wp\/v2\/media?parent=60"}],"wp:term":[{"taxonomy":"product_brand","embeddable":true,"href":"https:\/\/eco-regalos.com\/movilpe\/wp-json\/wp\/v2\/product_brand?post=60"},{"taxonomy":"product_cat","embeddable":true,"href":"https:\/\/eco-regalos.com\/movilpe\/wp-json\/wp\/v2\/product_cat?post=60"},{"taxonomy":"product_tag","embeddable":true,"href":"https:\/\/eco-regalos.com\/movilpe\/wp-json\/wp\/v2\/product_tag?post=60"}],"curies":[{"name":"wp","href":"https:\/\/api.w.org\/{rel}","templated":true}]}}